{"id":2,"date":"2018-02-24T18:36:41","date_gmt":"2018-02-24T18:36:41","guid":{"rendered":"http:\/\/eforbim.com\/?page_id=2"},"modified":"2018-02-26T08:37:41","modified_gmt":"2018-02-26T08:37:41","slug":"sample-page","status":"publish","type":"page","link":"http:\/\/eforbim.com\/index.php\/sample-page\/","title":{"rendered":"Hakk\u0131m\u0131zda"},"content":{"rendered":"<p><span style=\"color: #3366ff;\">1987 y\u0131l\u0131ndan bu yana \u00f6zellikle <strong>Kuyumcu sekt\u00f6r\u00fcne yaz\u0131l\u0131m geli\u015ftirme<\/strong> ser\u00fcveni ile ba\u015flayan profesyonel bili\u015fim hayat\u0131m\u0131z, daha sonra okullara, e\u011fitim kurumlar\u0131na sa\u011flad\u0131\u011f\u0131m\u0131z <strong>e\u011fitim teknolojileri<\/strong>; ak\u0131ll\u0131 tahta, sunum sistemleri, <strong>elektronik kumandal\u0131 e\u011fitim ve s\u0131nav sistemi \u00e7\u00f6z\u00fcmleri<\/strong> ile devam etmi\u015ftir&#8230; D\u00fcnya art\u0131k \u00f6yle bir noktada ki; bili\u015fimsiz bir ya\u015fam d\u00fc\u015f\u00fcn\u00fclemez hale geldi ve fark\u0131nda olmadan hepimiz g\u00fcn i\u00e7inde bili\u015fimle alakal\u0131 bir \u015feyler yap\u0131yoruz. Toplu ula\u015f\u0131mda, bilgisayarlarda hemen her alanda bili\u015fimin yolunun ge\u00e7ti\u011fi noktalar bulunmakta. Bu da bili\u015fimi g\u00fcn\u00fcm\u00fcz\u00fcn en \u00f6nemli alan\u0131 yapm\u0131\u015f oluyor. Bili\u015fim konusunda ge\u00e7mi\u015ften gelen tecr\u00fcbemizi, en yeni teknolojiler ile harmanlay\u0131p siz sayg\u0131de\u011fer m\u00fc\u015fterilerimize sunmaya devam ediyoruz&#8230;<\/span><!--more--><\/p>\n<p><img decoding=\"async\" loading=\"lazy\" class=\"wp-image-61 alignleft\" src=\"http:\/\/eforbim.com\/wp-content\/uploads\/2018\/02\/5-1.jpg\" alt=\"\" width=\"456\" height=\"520\" srcset=\"http:\/\/eforbim.com\/wp-content\/uploads\/2018\/02\/5-1.jpg 500w, http:\/\/eforbim.com\/wp-content\/uploads\/2018\/02\/5-1-263x300.jpg 263w\" sizes=\"(max-width: 456px) 100vw, 456px\" \/><img decoding=\"async\" loading=\"lazy\" class=\"wp-image-60 alignleft\" src=\"http:\/\/eforbim.com\/wp-content\/uploads\/2018\/02\/2-1.jpg\" alt=\"\" width=\"428\" height=\"522\" srcset=\"http:\/\/eforbim.com\/wp-content\/uploads\/2018\/02\/2-1.jpg 500w, http:\/\/eforbim.com\/wp-content\/uploads\/2018\/02\/2-1-246x300.jpg 246w\" sizes=\"(max-width: 428px) 100vw, 428px\" \/><\/p>\n<p><img decoding=\"async\" loading=\"lazy\" class=\"wp-image-71 alignleft\" src=\"http:\/\/eforbim.com\/wp-content\/uploads\/2018\/02\/Elektroy-Soru-Bankas\u0131.png\" alt=\"\" width=\"439\" height=\"517\" srcset=\"http:\/\/eforbim.com\/wp-content\/uploads\/2018\/02\/Elektroy-Soru-Bankas\u0131.png 397w, http:\/\/eforbim.com\/wp-content\/uploads\/2018\/02\/Elektroy-Soru-Bankas\u0131-254x300.png 254w\" sizes=\"(max-width: 439px) 100vw, 439px\" \/><br \/>\n<img decoding=\"async\" loading=\"lazy\" class=\"wp-image-62 alignleft\" src=\"http:\/\/eforbim.com\/wp-content\/uploads\/2018\/02\/3.jpg\" alt=\"\" width=\"443\" height=\"505\" srcset=\"http:\/\/eforbim.com\/wp-content\/uploads\/2018\/02\/3.jpg 500w, http:\/\/eforbim.com\/wp-content\/uploads\/2018\/02\/3-263x300.jpg 263w\" sizes=\"(max-width: 443px) 100vw, 443px\" \/><\/p>\n","protected":false},"excerpt":{"rendered":"<p>1987 y\u0131l\u0131ndan bu yana \u00f6zellikle Kuyumcu sekt\u00f6r\u00fcne yaz\u0131l\u0131m geli\u015ftirme ser\u00fcveni ile ba\u015flayan profesyonel bili\u015fim hayat\u0131m\u0131z, daha sonra okullara, e\u011fitim kurumlar\u0131na sa\u011flad\u0131\u011f\u0131m\u0131z e\u011fitim teknolojileri; ak\u0131ll\u0131 tahta, sunum sistemleri, elektronik kumandal\u0131 e\u011fitim ve s\u0131nav sistemi \u00e7\u00f6z\u00fcmleri ile devam etmi\u015ftir&#8230; D\u00fcnya art\u0131k \u00f6yle bir noktada ki; bili\u015fimsiz bir ya\u015fam d\u00fc\u015f\u00fcn\u00fclemez hale geldi ve fark\u0131nda olmadan hepimiz g\u00fcn i\u00e7inde <a href=\"http:\/\/eforbim.com\/index.php\/sample-page\/\" rel=\"nofollow\"><span class=\"sr-only\">Daha fazla okuyunHakk\u0131m\u0131zda<\/span>[&hellip;]<\/a><\/p>\n","protected":false},"author":2,"featured_media":0,"parent":0,"menu_order":0,"comment_status":"closed","ping_status":"closed","template":"template-fullwidth.php","meta":[],"_links":{"self":[{"href":"http:\/\/eforbim.com\/index.php\/wp-json\/wp\/v2\/pages\/2"}],"collection":[{"href":"http:\/\/eforbim.com\/index.php\/wp-json\/wp\/v2\/pages"}],"about":[{"href":"http:\/\/eforbim.com\/index.php\/wp-json\/wp\/v2\/types\/page"}],"author":[{"embeddable":true,"href":"http:\/\/eforbim.com\/index.php\/wp-json\/wp\/v2\/users\/2"}],"replies":[{"embeddable":true,"href":"http:\/\/eforbim.com\/index.php\/wp-json\/wp\/v2\/comments?post=2"}],"version-history":[{"count":14,"href":"http:\/\/eforbim.com\/index.php\/wp-json\/wp\/v2\/pages\/2\/revisions"}],"predecessor-version":[{"id":130,"href":"http:\/\/eforbim.com\/index.php\/wp-json\/wp\/v2\/pages\/2\/revisions\/130"}],"wp:attachment":[{"href":"http:\/\/eforbim.com\/index.php\/wp-json\/wp\/v2\/media?parent=2"}],"curies":[{"name":"wp","href":"https:\/\/api.w.org\/{rel}","templated":true}]}}